{"id":71402,"date":"2023-05-09T17:51:35","date_gmt":"2023-05-09T15:51:35","guid":{"rendered":"https:\/\/2023.foro.consulting\/motivation\/"},"modified":"2026-02-28T10:31:20","modified_gmt":"2026-02-28T09:31:20","slug":"motivation","status":"publish","type":"page","link":"https:\/\/foro.consulting\/de\/motivation\/","title":{"rendered":"Motivation"},"content":{"rendered":"<p>[et_pb_section fb_built=&#8220;1&#8243; custom_padding_last_edited=&#8220;on|phone&#8220; _builder_version=&#8220;4.21.0&#8243; _module_preset=&#8220;default&#8220; background_image=&#8220;https:\/\/foro.consulting\/wp-content\/uploads\/2023\/05\/foro-pupose-right.jpg&#8220; height=&#8220;100vh&#8220; custom_margin=&#8220;0px||0px|0px|false|false&#8220; custom_margin_tablet=&#8220;0px||0px|0px|false|false&#8220; custom_margin_phone=&#8220;0px||0px|0px|false|false&#8220; custom_margin_last_edited=&#8220;on|phone&#8220; custom_padding=&#8220;35vh||||false|false&#8220; custom_padding_tablet=&#8220;55vh||||false|false&#8220; custom_padding_phone=&#8220;18vh|40px||15px|false|false&#8220; background_last_edited=&#8220;on|phone&#8220; background_position_phone=&#8220;center_left&#8220; background_horizontal_offset_phone=&#8220;55%&#8220; global_colors_info=&#8220;{}&#8220;][et_pb_row column_structure=&#8220;1_2,1_2&#8243; use_custom_gutter=&#8220;on&#8220; gutter_width=&#8220;1&#8243; make_equal=&#8220;on&#8220; _builder_version=&#8220;4.21.0&#8243; _module_preset=&#8220;default&#8220; custom_margin=&#8220;0px||||false|false&#8220; custom_padding=&#8220;0px||0px||true|false&#8220; animation_style=&#8220;slide&#8220; animation_direction=&#8220;top&#8220; animation_duration=&#8220;1500ms&#8220; animation_speed_curve=&#8220;ease&#8220; global_colors_info=&#8220;{}&#8220;][et_pb_column type=&#8220;1_2&#8243; _builder_version=&#8220;4.16&#8243; _module_preset=&#8220;default&#8220; global_colors_info=&#8220;{}&#8220;][et_pb_text _builder_version=&#8220;4.27.4&#8243; _module_preset=&#8220;default&#8220; text_text_color=&#8220;#FFFFFF&#8220; header_font=&#8220;||||||||&#8220; header_text_align=&#8220;left&#8220; header_text_color=&#8220;#FFFFFF&#8220; header_line_height=&#8220;1.2em&#8220; width_tablet=&#8220;&#8220; width_phone=&#8220;85%&#8220; width_last_edited=&#8220;on|phone&#8220; global_colors_info=&#8220;{%22gcid-5a8ca635-19ab-4706-8115-fbea5c5dd863%22:%91%22header_text_color%22%93}&#8220;]<\/p>\n<h1>Hohes <strong>Potenzial<\/strong> ist weit verbreitet.<br data-start=\"584\" data-end=\"587\"><strong>Kontrolle<\/strong> unter Druck ist es nicht.<\/h1>\n<p><span>Genau das trainiere ich.<\/span><\/p>\n<p>[\/et_pb_text][\/et_pb_column][et_pb_column type=&#8220;1_2&#8243; _builder_version=&#8220;4.16&#8243; _module_preset=&#8220;default&#8220; global_colors_info=&#8220;{}&#8220;][\/et_pb_column][\/et_pb_row][\/et_pb_section][et_pb_section fb_built=&#8220;1&#8243; custom_padding_last_edited=&#8220;on|phone&#8220; _builder_version=&#8220;4.21.0&#8243; _module_preset=&#8220;default&#8220; custom_padding=&#8220;100px||100px||true|false&#8220; custom_padding_tablet=&#8220;100px||100px||true|false&#8220; custom_padding_phone=&#8220;30px||30px||true|false&#8220; global_colors_info=&#8220;{}&#8220;][et_pb_row _builder_version=&#8220;4.21.0&#8243; _module_preset=&#8220;default&#8220; custom_padding=&#8220;|||7px||&#8220; global_colors_info=&#8220;{}&#8220;][et_pb_column type=&#8220;4_4&#8243; _builder_version=&#8220;4.21.0&#8243; _module_preset=&#8220;default&#8220; global_colors_info=&#8220;{}&#8220;][et_pb_text _builder_version=&#8220;4.27.4&#8243; _module_preset=&#8220;default&#8220; global_colors_info=&#8220;{}&#8220;]<\/p>\n<h2 data-start=\"351\" data-end=\"395\"><strong>WO NEUROWISSENSCHAFT AUF HIGH PERFORMANCE TRIFFT<\/strong><\/h2>\n<p data-start=\"397\" data-end=\"500\">\n<p data-start=\"397\" data-end=\"500\">Die n\u00e4chste Generation von F\u00fchrungskr\u00e4ften muss mehr sein als nur leistungsstark.<br data-start=\"462\" data-end=\"465\">Sie muss <strong data-start=\"478\" data-end=\"499\">innerlich stabil<\/strong> sein.<\/p>\n<p data-start=\"502\" data-end=\"730\">Unsere Welt braucht nicht noch mehr Getriebene.<br data-start=\"544\" data-end=\"547\">Sie braucht Menschen, die unter Druck klar denken k\u00f6nnen.<br data-start=\"605\" data-end=\"608\">Die Verantwortung tragen, ohne auszubrennen.<br data-start=\"653\" data-end=\"656\">Und Performance aus Stabilit\u00e4t erzeugen \u2013 nicht aus Stress, Angst oder Zwang.<\/p>\n<p data-start=\"732\" data-end=\"835\">Echte High Performance entsteht nicht durch Druck.<br data-start=\"781\" data-end=\"784\">Sie entsteht durch die <strong data-start=\"801\" data-end=\"834\">Beherrschung des Nervensystems<\/strong>.<\/p>\n<p data-start=\"837\" data-end=\"882\">Beherrschung von Fokus.<br data-start=\"854\" data-end=\"857\">Von Energie.<br data-start=\"867\" data-end=\"870\">Von Reaktion.<\/p>\n<p data-start=\"884\" data-end=\"1011\">Meine Arbeit existiert, um Performance neu zu definieren:<br data-start=\"923\" data-end=\"926\">weg von kurzfristiger Maximierung,<br data-start=\"960\" data-end=\"963\">hin zu <strong data-start=\"970\" data-end=\"1010\">biologisch stabiler Spitzenleistung<\/strong>.<\/p>\n<p data-start=\"1013\" data-end=\"1165\">Ich arbeite mit Entscheidungstr\u00e4gern, Eliteathleten und High Performern,<br data-start=\"1077\" data-end=\"1080\">die bereits liefern \u2013<br data-start=\"1101\" data-end=\"1104\">aber Performance wollen, die Bestand hat,<br data-start=\"1135\" data-end=\"1138\">wenn der Druck nicht nachl\u00e4sst.<\/p>\n<p data-start=\"1167\" data-end=\"1212\">Nicht Motivation.<br data-start=\"1182\" data-end=\"1185\">Keine kurzfristige Optimierung.<\/p>\n<p data-start=\"1214\" data-end=\"1244\"><strong data-start=\"1214\" data-end=\"1244\">Messbare Transformation.<\/strong><\/p>\n<p data-start=\"1246\" data-end=\"1322\">Auf Elite-Niveau ist der wahre Vorteil nicht mehr Talent.<br data-start=\"1305\" data-end=\"1308\">Nicht Wissen.<\/p>\n<p data-start=\"1324\" data-end=\"1334\"><strong data-start=\"1324\" data-end=\"1334\">Der Zustand.<\/strong><\/p>\n<p data-start=\"1336\" data-end=\"1394\">Kontrolle \u00fcber deinen inneren Zustand<br data-start=\"1368\" data-end=\"1371\">unter maximalem Druck.<\/p>\n<p data-start=\"1396\" data-end=\"1515\"><strong data-start=\"1396\" data-end=\"1419\">THE REGULATED EDGE\u2122 <\/strong>ist die Zukunft von High Performance:<br data-start=\"1454\" data-end=\"1457\">Stabil.<br data-start=\"1464\" data-end=\"1467\">Messbar.<br data-start=\"1478\" data-end=\"1481\">Trainierbar.<br data-start=\"1491\" data-end=\"1494\">Nachhaltig skalierbar.<\/p>\n<p>&nbsp;<\/p>\n<p>[\/et_pb_text][\/et_pb_column][\/et_pb_row][\/et_pb_section][et_pb_section fb_built=&#8220;1&#8243; _builder_version=&#8220;4.21.0&#8243; _module_preset=&#8220;default&#8220; background_color=&#8220;#0C71C3&#8243; background_image=&#8220;https:\/\/foro.consulting\/wp-content\/uploads\/2023\/05\/foro-pupose-right.jpg&#8220; background_size=&#8220;initial&#8220; background_position=&#8220;top_left&#8220; global_colors_info=&#8220;{}&#8220;][et_pb_row _builder_version=&#8220;4.21.0&#8243; _module_preset=&#8220;default&#8220; custom_padding=&#8220;||0px|||&#8220; global_colors_info=&#8220;{}&#8220;][et_pb_column type=&#8220;4_4&#8243; _builder_version=&#8220;4.21.0&#8243; _module_preset=&#8220;default&#8220; global_colors_info=&#8220;{}&#8220;][dsm_text_notation before_text=&#8220;\u201eHigh Performance ist nicht das Ergebnis von Druck,&#8220; notation_text=&#8220;es entsteht durch ein reguliertes Nervensystem.\u201c&#8220; notation_color=&#8220;#FFFFFF&#8220; notation_iterations=&#8220;4&#8243; notation_viewport=&#8220;23%&#8220; notation_delay=&#8220;950ms&#8220; heading_html_tag=&#8220;h3&#8243; before_background_color=&#8220;RGBA(255,255,255,0)&#8220; notation_margin=&#8220;20px||20px||true|false&#8220; _builder_version=&#8220;4.27.4&#8243; _module_preset=&#8220;default&#8220; header_font=&#8220;||||||||&#8220; header_text_color=&#8220;#FFFFFF&#8220; global_colors_info=&#8220;{}&#8220;][\/dsm_text_notation][et_pb_text _builder_version=&#8220;4.27.4&#8243; _module_preset=&#8220;default&#8220; text_text_color=&#8220;#FFFFFF&#8220; custom_margin=&#8220;-30px||||false|false&#8220; global_colors_info=&#8220;{%22gcid-5a8ca635-19ab-4706-8115-fbea5c5dd863%22:%91%22header_text_color%22,%22header_text_color%22%93}&#8220;]<\/p>\n<p>Christophe Foro<\/p>\n<p>[\/et_pb_text][\/et_pb_column][\/et_pb_row][\/et_pb_section]<\/p>\n","protected":false},"excerpt":{"rendered":"<p>Hohes Potenzial ist weit verbreitet.Kontrolle unter Druck ist es nicht. Genau das trainiere ich.WO NEUROWISSENSCHAFT AUF HIGH PERFORMANCE TRIFFT Die n\u00e4chste Generation von F\u00fchrungskr\u00e4ften muss mehr sein als nur leistungsstark.Sie muss innerlich stabil sein. Unsere Welt braucht nicht noch mehr Getriebene.Sie braucht Menschen, die unter Druck klar denken k\u00f6nnen.Die Verantwortung tragen, ohne auszubrennen.Und Performance aus Stabilit\u00e4t erzeugen \u2013 nicht aus Stress, Angst oder Zwang. Echte High Performance entsteht nicht durch Druck.Sie entsteht durch die Beherrschung des Nervensystems. Beherrschung von Fokus.Von Energie.Von Reaktion. Meine Arbeit existiert, um Performance neu zu definieren:weg von kurzfristiger Maximierung,hin zu biologisch stabiler Spitzenleistung. Ich arbeite mit Entscheidungstr\u00e4gern, Eliteathleten und High Performern,die bereits liefern \u2013aber Performance wollen, die Bestand hat,wenn der Druck nicht nachl\u00e4sst. Nicht Motivation.Keine kurzfristige Optimierung. Messbare Transformation. Auf Elite-Niveau ist der wahre Vorteil nicht mehr Talent.Nicht Wissen. Der Zustand. Kontrolle \u00fcber deinen inneren Zustandunter maximalem Druck. THE REGULATED EDGE\u2122 ist die Zukunft von High Performance:Stabil.Messbar.Trainierbar.Nachhaltig skalierbar. &nbsp;<div class=\"et_pb_module dsm_text_notation dsm_text_notation_0  et_pb_bg_layout_light\">\n\t\t\t\t\n\t\t\t\t\n\t\t\t\t\n\t\t\t\t\n\t\t\t\t\n\t\t\t\t\n\t\t\t\t<div class=\"et_pb_module_inner\">\n\t\t\t\t\t<h3 class=\"dsm-text-notation-main et_pb_module_header\"><span class=\"dsm-text-notation-before\">\u201eHigh Performance ist nicht das Ergebnis von Druck,<\/span><span data-notation=\"[{&quot;type&quot;:&quot;underline&quot;,&quot;color&quot;:&quot;#FFFFFF&quot;,&quot;stroke-width&quot;:&quot;1&quot;,&quot;iterations&quot;:&quot;4&quot;,&quot;brackets&quot;:&quot;left|right&quot;,&quot;viewport&quot;:&quot;23%&quot;,&quot;delay&quot;:&quot;950ms&quot;,&quot;divi-animate&quot;:&quot;none&quot;,&quot;divi-animate-duration&quot;:&quot;1000ms&quot;,&quot;divi-animate-delay&quot;:&quot;0ms&quot;}]\" class=\"dsm-text-notation-middle\">es entsteht durch ein reguliertes Nervensystem.\u201c<\/span><\/h3>\n\t\t\t\t<\/div>\n\t\t\t<\/div>Christophe Foro<\/p>\n","protected":false},"author":1,"featured_media":71787,"parent":0,"menu_order":0,"comment_status":"closed","ping_status":"closed","template":"","meta":{"_et_pb_use_builder":"on","_et_pb_old_content":"","_et_gb_content_width":"","footnotes":""},"class_list":["post-71402","page","type-page","status-publish","has-post-thumbnail","hentry"],"_links":{"self":[{"href":"https:\/\/foro.consulting\/de\/wp-json\/wp\/v2\/pages\/71402","targetHints":{"allow":["GET"]}}],"collection":[{"href":"https:\/\/foro.consulting\/de\/wp-json\/wp\/v2\/pages"}],"about":[{"href":"https:\/\/foro.consulting\/de\/wp-json\/wp\/v2\/types\/page"}],"author":[{"embeddable":true,"href":"https:\/\/foro.consulting\/de\/wp-json\/wp\/v2\/users\/1"}],"replies":[{"embeddable":true,"href":"https:\/\/foro.consulting\/de\/wp-json\/wp\/v2\/comments?post=71402"}],"version-history":[{"count":71,"href":"https:\/\/foro.consulting\/de\/wp-json\/wp\/v2\/pages\/71402\/revisions"}],"predecessor-version":[{"id":72358,"href":"https:\/\/foro.consulting\/de\/wp-json\/wp\/v2\/pages\/71402\/revisions\/72358"}],"wp:featuredmedia":[{"embeddable":true,"href":"https:\/\/foro.consulting\/de\/wp-json\/wp\/v2\/media\/71787"}],"wp:attachment":[{"href":"https:\/\/foro.consulting\/de\/wp-json\/wp\/v2\/media?parent=71402"}],"curies":[{"name":"wp","href":"https:\/\/api.w.org\/{rel}","templated":true}]}}