{"id":71399,"date":"2023-05-10T08:10:26","date_gmt":"2023-05-10T06:10:26","guid":{"rendered":"https:\/\/2023.foro.consulting\/reise\/"},"modified":"2026-02-28T22:01:12","modified_gmt":"2026-02-28T21:01:12","slug":"reise","status":"publish","type":"page","link":"https:\/\/foro.consulting\/de\/reise\/","title":{"rendered":"Reise"},"content":{"rendered":"<p>[et_pb_section fb_built=&#8220;1&#8243; custom_padding_last_edited=&#8220;on|phone&#8220; _builder_version=&#8220;4.21.0&#8243; _module_preset=&#8220;default&#8220; background_image=&#8220;https:\/\/foro.consulting\/wp-content\/uploads\/2023\/05\/foro-journey-center.jpg&#8220; height=&#8220;100vh&#8220; custom_margin=&#8220;0px||0px|0px|false|false&#8220; custom_padding=&#8220;||||false|false&#8220; custom_padding_tablet=&#8220;||||false|false&#8220; custom_padding_phone=&#8220;20px||||false|false&#8220; background_last_edited=&#8220;on|phone&#8220; background_size_phone=&#8220;cover&#8220; background_position_tablet=&#8220;center_left&#8220; background_position_phone=&#8220;center_left&#8220; background_horizontal_offset_tablet=&#8220;31%&#8220; background_horizontal_offset_phone=&#8220;31%&#8220; global_colors_info=&#8220;{}&#8220;][et_pb_row column_structure=&#8220;3_5,2_5&#8243; use_custom_gutter=&#8220;on&#8220; gutter_width=&#8220;1&#8243; make_equal=&#8220;on&#8220; _builder_version=&#8220;4.21.0&#8243; _module_preset=&#8220;default&#8220; custom_padding=&#8220;0px||0px||true|false&#8220; animation_style=&#8220;slide&#8220; animation_direction=&#8220;top&#8220; animation_duration=&#8220;1500ms&#8220; animation_speed_curve=&#8220;ease&#8220; global_colors_info=&#8220;{}&#8220;][et_pb_column type=&#8220;3_5&#8243; _builder_version=&#8220;4.16&#8243; _module_preset=&#8220;default&#8220; global_colors_info=&#8220;{}&#8220;][et_pb_text _builder_version=&#8220;4.21.0&#8243; _module_preset=&#8220;default&#8220; text_text_color=&#8220;gcid-5a8ca635-19ab-4706-8115-fbea5c5dd863&#8243; header_font=&#8220;||||||||&#8220; header_text_align=&#8220;left&#8220; header_text_color=&#8220;gcid-5a8ca635-19ab-4706-8115-fbea5c5dd863&#8243; header_line_height=&#8220;1.1em&#8220; global_colors_info=&#8220;{%22gcid-5a8ca635-19ab-4706-8115-fbea5c5dd863%22:%91%22text_text_color%22,%22header_text_color%22%93}&#8220;]<\/p>\n<h1>Du brauchst nicht mehr Leistung.<br \/>Du brauchst Kontrolle unter Druck.<\/h1>\n<p>&nbsp;<\/p>\n<p>&nbsp;<\/p>\n<p>[\/et_pb_text][\/et_pb_column][et_pb_column type=&#8220;2_5&#8243; _builder_version=&#8220;4.16&#8243; _module_preset=&#8220;default&#8220; global_colors_info=&#8220;{}&#8220;][\/et_pb_column][\/et_pb_row][\/et_pb_section][et_pb_section fb_built=&#8220;1&#8243; _builder_version=&#8220;4.27.4&#8243; _module_preset=&#8220;default&#8220; global_colors_info=&#8220;{}&#8220;][et_pb_row _builder_version=&#8220;4.27.4&#8243; _module_preset=&#8220;default&#8220; custom_padding=&#8220;||29px|||&#8220; global_colors_info=&#8220;{}&#8220;][et_pb_column type=&#8220;4_4&#8243; _builder_version=&#8220;4.27.4&#8243; _module_preset=&#8220;default&#8220; global_colors_info=&#8220;{}&#8220;][et_pb_text _builder_version=&#8220;4.27.4&#8243; _module_preset=&#8220;default&#8220; custom_padding=&#8220;|||0px||&#8220; global_colors_info=&#8220;{}&#8220;]<\/p>\n<h1><strong>THE REGULATED EDGE<\/strong><\/h1>\n<h1><strong><\/strong>Neurobiologische High Performance <\/h1>\n<h4><strong>von Christophe Foro<\/strong><\/h4>\n<p>&nbsp;<\/p>\n<h4><strong>High Performance. Vollgas. Bewusst.  <\/strong><strong><\/strong><\/h4>\n<p><strong data-start=\"286\" data-end=\"309\">Kontrolliere deinen Zustand.<\/strong><br data-start=\"309\" data-end=\"312\"><strong data-start=\"312\" data-end=\"339\">Leiste aus Stabilit\u00e4t.<\/strong><br data-start=\"339\" data-end=\"342\"><strong data-start=\"342\" data-end=\"366\">Halte unter Druck stand.<\/strong><\/p>\n<p><strong data-start=\"342\" data-end=\"366\"><\/strong><\/p>\n<p><strong>Durch dieses Programm wirst du:<\/strong><strong><\/strong><\/p>\n<ul style=\"font-weight: 400;\">\n<li><strong>Tief verankerte Muster aufl\u00f6sen<\/strong> \u2013 und konditionierte Reaktionen. <\/li>\n<li><strong>Energie, Fokus und Regeneration steigern <\/strong>\u2013 mit Werkzeugen, die von f\u00fchrenden Wissenschaftlern validiert wurden<br \/>(Porges, Levine, Brul\u00e9, Dispenza).<\/li>\n<li><b>Neuronale Plastizit\u00e4t unter Druck trainieren<\/b> \u2013 dein Nervensystem passt sich an, du beh\u00e4ltst die Kontrolle.<\/li>\n<li><strong>Perfekte Ergebnisse tracken<\/strong> \u2013 mit <strong>Whoop, Pulsetto<\/strong> und anderen High-Performance-Biofeedback-Tools\n<p><span style=\"font-size: 18px;\"><\/span><\/p>\n<\/li>\n<\/ul>\n<p style=\"font-weight: 400;\"><strong>Warum THE REGULATED EDGE\u2122:<\/strong><\/p>\n<ul style=\"font-weight: 400;\">\n<li><strong data-start=\"385\" data-end=\"437\">Neurowissenschaft in die Praxis \u00fcbersetzt <\/strong>\u2013 Polyvagal-Theorie, Stressphysiologie, Neuroplastizit\u00e4t.<\/li>\n<li><strong>Somatische Meisterschaft, pr\u00e4zise Atemarbeit und mentale Simulationen <\/strong>\u2013 dort eingesetzt, wo realer Druck herrscht.<\/li>\n<li><strong data-start=\"598\" data-end=\"640\">Entwickelt f\u00fcr F\u00fchrungskr\u00e4fte und Elite-Performer<\/strong> \u2013 Menschen, die unter dauerhaftem Druck agieren.<\/li>\n<\/ul>\n<p style=\"font-weight: 400;\"><strong>Dein Ergebnis:<\/strong><\/p>\n<ul style=\"font-weight: 400;\">\n<li><strong data-start=\"312\" data-end=\"360\">Stabile ventral-vagale Regulation unter Stress<\/strong> \u2013 Druck \u00fcbernimmt nicht l\u00e4nger die Kontrolle \u00fcber dein System.<\/li>\n<li><strong data-start=\"406\" data-end=\"447\">Schnellere Regeneration und h\u00f6here Resilienz<\/strong> \u2013 messbar, nachhaltig, wiederholbar.<\/li>\n<li><strong data-start=\"490\" data-end=\"525\">Klarer Fokus und entschlossenes Handeln<\/strong> \u2013 auch wenn viel auf dem Spiel steht.<\/li>\n<li>\n<p data-start=\"310\" data-end=\"624\"><strong data-start=\"558\" data-end=\"581\">Pr\u00e4senz, die tr\u00e4gt <\/strong>\u2013 und sich in verl\u00e4sslichen Ergebnissen ausdr\u00fcckt.<\/p>\n<\/li>\n<\/ul>\n<p>&nbsp;<\/p>\n<div><b><span><\/span><\/b><\/div>\n<div><b><span><\/span><\/b><\/div>\n<div><b><span><\/span><\/b><\/div>\n<div><b><span><\/span><\/b><\/div>\n<div>\n<p data-start=\"365\" data-end=\"439\"><strong data-start=\"365\" data-end=\"439\">Der Weg ist anspruchsvoll.<br data-start=\"388\" data-end=\"391\">Er fordert.<br data-start=\"407\" data-end=\"410\">Und er ver\u00e4ndert grundlegend.<\/strong><\/p>\n<p data-start=\"441\" data-end=\"590\">Von somatischer Wahrnehmung zu messbarer Regulation wirst du zum Architekten deines inneren Zustands \u2013<br data-start=\"541\" data-end=\"544\">und zur Quelle von Performance, auf die du dich verlassen kannst.<\/p>\n<\/div>\n<div>\n<div>\n<div><\/div>\n<\/div>\n<div><\/div>\n<\/div>\n<p>[\/et_pb_text][\/et_pb_column][\/et_pb_row][\/et_pb_section][et_pb_section fb_built=&#8220;1&#8243; _builder_version=&#8220;4.21.0&#8243; _module_preset=&#8220;default&#8220; global_colors_info=&#8220;{}&#8220;][et_pb_row column_structure=&#8220;1_3,1_3,1_3&#8243; use_custom_gutter=&#8220;on&#8220; make_equal=&#8220;on&#8220; disabled_on=&#8220;on|on|on&#8220; _builder_version=&#8220;4.27.4&#8243; _module_preset=&#8220;default&#8220; custom_css_main_element=&#8220;align-items: center;&#8220; disabled=&#8220;on&#8220; global_colors_info=&#8220;{}&#8220;][et_pb_column type=&#8220;1_3&#8243; _builder_version=&#8220;4.21.0&#8243; _module_preset=&#8220;default&#8220; global_colors_info=&#8220;{}&#8220;][et_pb_number_counter title=&#8220;t\u00e4gliche Gedanken&#8220; number=&#8220;60&#039;000&#8243; percent_sign=&#8220;off&#8220; _builder_version=&#8220;4.21.0&#8243; _module_preset=&#8220;default&#8220; global_colors_info=&#8220;{}&#8220;][\/et_pb_number_counter][\/et_pb_column][et_pb_column type=&#8220;1_3&#8243; _builder_version=&#8220;4.21.0&#8243; _module_preset=&#8220;default&#8220; global_colors_info=&#8220;{}&#8220;][et_pb_circle_counter title=&#8220;bewusst&#8220; number=&#8220;5&#8243; _builder_version=&#8220;4.21.0&#8243; _module_preset=&#8220;default&#8220; global_colors_info=&#8220;{}&#8220;][\/et_pb_circle_counter][\/et_pb_column][et_pb_column type=&#8220;1_3&#8243; _builder_version=&#8220;4.21.0&#8243; _module_preset=&#8220;default&#8220; global_colors_info=&#8220;{}&#8220;][et_pb_circle_counter title=&#8220;unbewusst&#8220; number=&#8220;95&#8243; _builder_version=&#8220;4.21.0&#8243; _module_preset=&#8220;default&#8220; global_colors_info=&#8220;{}&#8220;][\/et_pb_circle_counter][\/et_pb_column][\/et_pb_row][\/et_pb_section][et_pb_section fb_built=&#8220;1&#8243; _builder_version=&#8220;4.21.0&#8243; _module_preset=&#8220;default&#8220; custom_margin_tablet=&#8220;&#8220; custom_margin_phone=&#8220;||0px||false|false&#8220; custom_margin_last_edited=&#8220;on|phone&#8220; custom_padding=&#8220;0px||0px||false|false&#8220; global_colors_info=&#8220;{}&#8220;][et_pb_row disabled_on=&#8220;on|on|on&#8220; _builder_version=&#8220;4.27.4&#8243; _module_preset=&#8220;default&#8220; disabled=&#8220;on&#8220; global_colors_info=&#8220;{}&#8220;][et_pb_column type=&#8220;4_4&#8243; _builder_version=&#8220;4.21.0&#8243; _module_preset=&#8220;default&#8220; global_colors_info=&#8220;{}&#8220;][dsm_advanced_tabs dsm_tabs_bg_color=&#8220;#D6D6D6&#8243; dsm_tabs_active_bg_color=&#8220;gcid-5a8ca635-19ab-4706-8115-fbea5c5dd863&#8243; dsm_tabs_text_color=&#8220;gcid-5a8ca635-19ab-4706-8115-fbea5c5dd863&#8243; dsm_tabs_active_text_color=&#8220;#FFFFFF&#8220; dsm_content_bg_color=&#8220;#FFFFFF&#8220; dsm_tabs_wrapper_alignment=&#8220;left&#8220; dsm_content_icon_color=&#8220;#E09900&#8243; _builder_version=&#8220;4.21.0&#8243; _module_preset=&#8220;default&#8220; content_title_level=&#8220;h1&#8243; content_title_font_size_tablet=&#8220;&#8220; content_title_font_size_phone=&#8220;29px&#8220; content_title_font_size_last_edited=&#8220;on|phone&#8220; border_radii_dsm_tabs_border=&#8220;off|10px|10px||&#8220; border_radii_dsm_active_tabs_border=&#8220;off|10px|10px|0px|0px&#8220; border_color_all_dsm_tabs_wrapper_border=&#8220;#D6D6D6&#8243; border_width_bottom_dsm_tabs_wrapper_border=&#8220;0px&#8220; border_radii_dsm_content_border=&#8220;on||||&#8220; border_width_all_dsm_content_border=&#8220;1px&#8220; border_color_all_dsm_content_border=&#8220;gcid-5a8ca635-19ab-4706-8115-fbea5c5dd863&#8243; global_colors_info=&#8220;{%22gcid-5a8ca635-19ab-4706-8115-fbea5c5dd863%22:%91%22dsm_tabs_active_bg_color%22,%22dsm_tabs_text_color%22,%22border_color_all_dsm_content_border%22%93}&#8220;][dsm_advanced_tabs_child dsm_title=&#8220;1. Illustration&#8220; dsm_content_title=&#8220;&quot;Ich denke, dass ich es bin&quot;&#8220; dsm_content=&#8220;<\/p>\n<p>Unsere eigene Wahrnehmung ist oft eine F\u00e4lschung! Jeden Tag denken wir 60&apos;000 Gedanken. 5% laufen bewusst ab. 95% laufen unbewusst ab.<\/p>\n<p>Folglich werden 95% unserer Gedanken von unserem Unterbewusstsein geformt. Dort, wo unsere Denk- und Verhaltensmuster ihren Ursprung haben. Diese Muster sind in uns gespeichert. Diese k\u00f6nnen st\u00f6rende Programme entwickeln, die Einfluss auf unser Verhalten und damit auf unsere Erfahrungen haben.<\/p>\n<p>Was wir nicht sehen, f\u00fchlen, riechen oder schmecken, ist f\u00fcr viele Menschen nicht greifbar und daher meist schwer zu glauben. Unsere oft sehr stark verankerten Glaubenss\u00e4tze, auf die wir jahrelang getrimmt wurden, lassen unsere Sinne nicht sehen, was au\u00dferhalb unseres Wissens geschieht. Wir k\u00f6nnen nicht sehen oder wahrnehmen, was wir nicht kennen, weil wir nicht glauben, dass es existiert.<\/p>\n<p>Wir alle haben Sinne, Gedanken, Gef\u00fchle, Erfahrungen und auch Wissen. Im Laufe der Jahre haben wir unser Werte- und Glaubenssystem in unserer Kultur und Umwelt verankert. Dabei geht das Selbst, die Bed\u00fcrfnisse der Seele, in unserem menschlichen Bewusstsein oft verloren oder tritt in den Hintergrund. Durch die mediale Beschallung und teilweise ungefilterte Informationsbeschaffung werden wir in unseren Werten und Urteilen mehr beeinflusst, als wir uns vorstellen oder direkt wahrnehmen k\u00f6nnen. Die verborgenen Gaben und Talente liegen verschleiert oder sind verkrustet, weil wir sie nicht \u00fcber lange Zeit trainiert, gehegt und gepflegt haben.<\/p>\n<p>Was im Alltag oft vergessen und untersch\u00e4tzt wird, ist, dass unsere nat\u00fcrlichen Gaben, Sinne und Wahrnehmungen regelrecht aufschreien, wenn sie in unserem System unterdr\u00fcckt werden. Unser Unterbewusstsein verarbeitet viele Dinge, die auch wahrgenommen werden wollen. Da wir das unbewusst Verarbeitete nicht an die Oberfl\u00e4che lassen wollen, \u00e4u\u00dfert sich dies bei vielen Menschen in gesundheitlichen Beschwerden wie Schlafst\u00f6rungen, Gelenkschmerzen oder R\u00fcckenschmerzen. Der K\u00f6rper reagiert, weil die Seele vom Verstand nicht wahrgenommen wird. Das Ego nimmt zu viel Raum ein und will der Seele, dem h\u00f6heren Selbst, nicht Platz machen. Das liegt daran, dass wir Angst haben, vieles aufgeben zu m\u00fcssen, wof\u00fcr wir jahrelang m\u00fchsam gearbeitet haben. Mit anderen Worten: Das Ego versucht, uns davon zu \u00fcberzeugen, nicht unseren urspr\u00fcnglichen Instinkten und Bauchgef\u00fchlen zu folgen. Es will einfach nur in der Komfortzone bleiben. Es gibt nichts, was das Ego mehr verabscheut als Ver\u00e4nderung. Aber was hindert uns eigentlich daran, unseren Gaben und Urinstinkten zu folgen?<\/p>\n<p>Ich kommuniziere mit Deinem Unterbewusstsein und verbinde Dich mit Deinem h\u00f6heren Selbst. Durch meine Gabe kann ich Impulse und deren Bilder in der Cloud &#8211; dem System, das alle Informationen umfasst &#8211; lesen. Diese \u00fcbersetze ich f\u00fcr Dich in greifbare Bilder und logisch nachvollziehbare Beispiele. So kannst Du alles besser verstehen und Dich mit den noch verborgenen M\u00f6glichkeiten vertraut machen.<\/p>\n<p>&#8220; _builder_version=&#8220;4.21.0&#8243; _module_preset=&#8220;default&#8220; global_colors_info=&#8220;{}&#8220; parentOrderClass=&#8220;dsm_advanced_tabs_0&#8243;][\/dsm_advanced_tabs_child][dsm_advanced_tabs_child dsm_title=&#8220;2. Reflektion&#8220; dsm_content_title=&#8220;&quot;Wer bin ich heute?&quot;&#8220; dsm_content=&#8220;<\/p>\n<p>Deine Aufgabe ist es, sich allm\u00e4hlich auf den Prozess einzulassen &#8211; m\u00f6glichst alle Wahrnehmungen in die Waagschale zu werfen &#8211; und bereit zu sein, das bisherige Leben voller Glaubenss\u00e4tze, materieller Erfolge und menschengemachter Werte differenzierter zu betrachten. Reflexion bedeutet in diesem Fall die Bereitschaft, authentisch und ehrlich in den Spiegel zu schauen, um auch das zu sehen, was im Moment unangenehm und schmerzhaft erscheint.<\/p>\n<p>Die Transformation zum h\u00f6heren Selbst ist ein iterativer Prozess. Verborgene und unterentwickelte Gaben und Talente zum Leben zu erwecken, ist kein Spaziergang, sondern gleicht eher dem Erklimmen eines Gipfels mit Aussicht. Unser Spiegelbild reflektiert oft nur das, was wir sehen wollen und k\u00f6nnen oder was wir wissen. Doch im Spiegel unseres h\u00f6heren Selbst gibt es viel mehr zu entdecken. Ich helfe Dir, den Vorhang zu Deinem h\u00f6heren Selbst zu \u00f6ffnen und durch den Schleier auf Deine verborgenen M\u00f6glichkeiten zu blicken. Ich visualisiere und illustriere die Erkenntnisse f\u00fcr Dich, damit Du sie zu Beginn besser erfassen kannst.<\/p>\n<p>&#8220; _builder_version=&#8220;4.21.0&#8243; _module_preset=&#8220;default&#8220; global_colors_info=&#8220;{}&#8220; parentOrderClass=&#8220;dsm_advanced_tabs_0&#8243;][\/dsm_advanced_tabs_child][dsm_advanced_tabs_child dsm_title=&#8220;3. Inspiration&#8220; dsm_content_title=&#8220;&quot;Wer werde ich morgen sein?&quot;&#8220; dsm_content=&#8220;<\/p>\n<p>Mit meiner Arbeit f\u00fchre ich Dich mit klaren Bildern und konkreten Analogien zu Deiner eigenen Vision. In einem diskreten und gesch\u00fctzten Rahmen bespreche ich mit Dir Deine verborgenen Gaben und Talente. Dabei helfe ich Dir, zu einer klaren \u00dcberzeugung zu kommen, was Du in welchen Schritten anpacken und umsetzen kannst, um Deine gewohnten Verhaltens- und Denkmuster zu ver\u00e4ndern. Zun\u00e4chst in kleinen und vorsichtigen Schritten. Sobald Du Dich wohl f\u00fchlst, in mutigeren und gr\u00f6\u00dferen Schritten. Letztlich entscheidest immer Du selbst, wann und wohin Du gehen willst. Ich zeige Dir nur Dein Potenzial und die M\u00f6glichkeiten. Du entscheidest, ob, wann und wof\u00fcr Du Deine St\u00e4rken nutzen und entwickeln willst.<\/p>\n<p>Dies erfordert einen Blick in Dein Inneres, Deiner Seele, um zu sehen, wer Du bist und wer Du morgen sein kannst. Dazu geh\u00f6rt auch, sich toxischer Werte, Verbindungen, Beziehungen und alter Muster bewusst zu werden. Wir arbeiten auch gemeinsam heraus, wer Du nicht mehr sein willst und werfen falsche Vorstellungen oder Missverst\u00e4ndnisse rigoros \u00fcber Bord. So schneidest Du konsequent unerw\u00fcnschte und alte Z\u00f6pfe ab und gewinnst so einen klareren Blick auf Dein wahres Selbst, das sich mit Mut, freiem Geist und vollem Potenzial entfalten kann.<\/p>\n<p>&#8220; _builder_version=&#8220;4.21.0&#8243; _module_preset=&#8220;default&#8220; global_colors_info=&#8220;{}&#8220; parentOrderClass=&#8220;dsm_advanced_tabs_0&#8243;][\/dsm_advanced_tabs_child][dsm_advanced_tabs_child dsm_title=&#8220;4. Repositionierung&#8220; dsm_content_title=&#8220;&quot;Ich will sein!&quot;&#8220; dsm_content=&#8220;<\/p>\n<p>In dieser Phase hast Du Deine Verhaltens- und Denkmuster erkannt. Du weisst, was Du nicht mehr willst und hast eine Vision f\u00fcr Dich formuliert. In meinen konkreten Bildern und Beispielen, die ich Dir liefere, kannst Du ein Vision Board zeichnen oder Deine Gedanken festhalten. Sei es vor Deinem geistigen Auge, auf Papier oder auch auf Deinem Arbeitsger\u00e4t. Damit manifestierst DU Deinen neuen Lebensentwurf. Es wird Dir helfen, Deiner Vision zu folgen und sie immer wieder zu praktizieren. Setze alle Deine Sinne bewusster ein.<\/p>\n<p>Du wirst erleben, wie Du viele Phasen der Emotionen durchl\u00e4ufst. Zum einen, um alte Muster loszuwerden und zum anderen, um neue kennenzulernen und Dir selbst zu vertrauen. Du verbindest das Alte mit dem Neuen. Du siehst andere Perspektiven und bist in der Lage, Deine nat\u00fcrlichen Gaben wie emotionale Intelligenz, Einf\u00fchlungsverm\u00f6gen, Verstand und Herz besser zu verstehen und sie f\u00fcr Deine Vision zu nutzen. Aber sei Dir bewusst: Es erfordert ehrliche und beharrliche Arbeit an Dir selbst und st\u00e4ndige Reflexion dar\u00fcber, wo Du gerade stehst.<\/p>\n<p>&#8220; _builder_version=&#8220;4.21.0&#8243; _module_preset=&#8220;default&#8220; global_colors_info=&#8220;{}&#8220; parentOrderClass=&#8220;dsm_advanced_tabs_0&#8243;][\/dsm_advanced_tabs_child][dsm_advanced_tabs_child dsm_title=&#8220;5. Manifestation&#8220; dsm_content_title=&#8220;&quot;Jetzt bin ich!&quot;&#8220; dsm_content=&#8220;<\/p>\n<p>Jetzt bist Du es! Du hast eine neue Ebene erreicht &#8211; die Ebene, die Du angestrebt hast. Jetzt manifestierst Du Deine neuen Denk- und Verhaltensweisen und nimmst Deine neue Einstellung an.<\/p>\n<p>Unsere Reise ist nie zu Ende. Wir Menschen sind alle Seelen, die alle miteinander verbunden sind. Es gibt keine Zuf\u00e4lle. Es gibt nur Schicksale, denen wir folgen oder nicht. Reine Seelen folgen ihrer Bestimmung und vertrauen auf die Elementarkr\u00e4fte, folgen ihren Instinkten und ihrem Input. Wenn Du mehr dar\u00fcber wissen willst, gebe ich Dir gerne Auskunft!<\/p>\n<p>&#8220; _builder_version=&#8220;4.21.0&#8243; _module_preset=&#8220;default&#8220; global_colors_info=&#8220;{}&#8220; parentOrderClass=&#8220;dsm_advanced_tabs_0&#8243;][\/dsm_advanced_tabs_child][\/dsm_advanced_tabs][\/et_pb_column][\/et_pb_row][\/et_pb_section]<\/p>\n","protected":false},"excerpt":{"rendered":"<p>Du brauchst nicht mehr Leistung.Du brauchst Kontrolle unter Druck. &nbsp; &nbsp;THE REGULATED EDGE Neurobiologische High Performance von Christophe Foro &nbsp; High Performance. Vollgas. Bewusst. Kontrolliere deinen Zustand.Leiste aus Stabilit\u00e4t.Halte unter Druck stand. Durch dieses Programm wirst du: Tief verankerte Muster aufl\u00f6sen \u2013 und konditionierte Reaktionen. Energie, Fokus und Regeneration steigern \u2013 mit Werkzeugen, die von f\u00fchrenden Wissenschaftlern validiert wurden(Porges, Levine, Brul\u00e9, Dispenza). Neuronale Plastizit\u00e4t unter Druck trainieren \u2013 dein Nervensystem passt sich an, du beh\u00e4ltst die Kontrolle. Perfekte Ergebnisse tracken \u2013 mit Whoop, Pulsetto und anderen High-Performance-Biofeedback-Tools Warum THE REGULATED EDGE\u2122: Neurowissenschaft in die Praxis \u00fcbersetzt \u2013 Polyvagal-Theorie, Stressphysiologie, Neuroplastizit\u00e4t. Somatische Meisterschaft, pr\u00e4zise Atemarbeit und mentale Simulationen \u2013 dort eingesetzt, wo realer Druck herrscht. Entwickelt f\u00fcr F\u00fchrungskr\u00e4fte und Elite-Performer \u2013 Menschen, die unter dauerhaftem Druck agieren. Dein Ergebnis: Stabile ventral-vagale Regulation unter Stress \u2013 Druck \u00fcbernimmt nicht l\u00e4nger die Kontrolle \u00fcber dein System. Schnellere Regeneration und h\u00f6here Resilienz \u2013 messbar, nachhaltig, wiederholbar. Klarer Fokus und entschlossenes Handeln \u2013 auch wenn viel auf dem Spiel steht. Pr\u00e4senz, die tr\u00e4gt \u2013 und sich in verl\u00e4sslichen Ergebnissen ausdr\u00fcckt. &nbsp; Der Weg ist anspruchsvoll.Er fordert.Und er ver\u00e4ndert grundlegend. Von somatischer Wahrnehmung zu messbarer Regulation wirst du zum Architekten deines inneren Zustands \u2013und zur Quelle [&hellip;]<\/p>\n","protected":false},"author":1,"featured_media":71785,"parent":0,"menu_order":0,"comment_status":"closed","ping_status":"closed","template":"","meta":{"_et_pb_use_builder":"on","_et_pb_old_content":"","_et_gb_content_width":"","footnotes":""},"class_list":["post-71399","page","type-page","status-publish","has-post-thumbnail","hentry"],"_links":{"self":[{"href":"https:\/\/foro.consulting\/de\/wp-json\/wp\/v2\/pages\/71399","targetHints":{"allow":["GET"]}}],"collection":[{"href":"https:\/\/foro.consulting\/de\/wp-json\/wp\/v2\/pages"}],"about":[{"href":"https:\/\/foro.consulting\/de\/wp-json\/wp\/v2\/types\/page"}],"author":[{"embeddable":true,"href":"https:\/\/foro.consulting\/de\/wp-json\/wp\/v2\/users\/1"}],"replies":[{"embeddable":true,"href":"https:\/\/foro.consulting\/de\/wp-json\/wp\/v2\/comments?post=71399"}],"version-history":[{"count":72,"href":"https:\/\/foro.consulting\/de\/wp-json\/wp\/v2\/pages\/71399\/revisions"}],"predecessor-version":[{"id":72375,"href":"https:\/\/foro.consulting\/de\/wp-json\/wp\/v2\/pages\/71399\/revisions\/72375"}],"wp:featuredmedia":[{"embeddable":true,"href":"https:\/\/foro.consulting\/de\/wp-json\/wp\/v2\/media\/71785"}],"wp:attachment":[{"href":"https:\/\/foro.consulting\/de\/wp-json\/wp\/v2\/media?parent=71399"}],"curies":[{"name":"wp","href":"https:\/\/api.w.org\/{rel}","templated":true}]}}