{"id":71393,"date":"2023-05-09T16:58:32","date_gmt":"2023-05-09T14:58:32","guid":{"rendered":"https:\/\/2023.foro.consulting\/ueber-mich\/"},"modified":"2026-02-28T10:24:05","modified_gmt":"2026-02-28T09:24:05","slug":"ueber-mich","status":"publish","type":"page","link":"https:\/\/foro.consulting\/de\/ueber-mich\/","title":{"rendered":"\u00dcber mich"},"content":{"rendered":"<p>[et_pb_section fb_built=&#8220;1&#8243; custom_padding_last_edited=&#8220;on|phone&#8220; _builder_version=&#8220;4.21.0&#8243; _module_preset=&#8220;default&#8220; background_image=&#8220;https:\/\/foro.consulting\/wp-content\/uploads\/2023\/05\/foro-about-right.jpg&#8220; height=&#8220;100vh&#8220; custom_margin=&#8220;0px||0px|0px|false|false&#8220; custom_padding=&#8220;35vh||||false|false&#8220; custom_padding_tablet=&#8220;55vh||||false|false&#8220; custom_padding_phone=&#8220;18vh||||false|false&#8220; background_last_edited=&#8220;on|phone&#8220; background_size_phone=&#8220;cover&#8220; background_position_phone=&#8220;center_right&#8220; background_horizontal_offset_phone=&#8220;43%&#8220; global_colors_info=&#8220;{}&#8220;][et_pb_row column_structure=&#8220;1_2,1_2&#8243; use_custom_gutter=&#8220;on&#8220; gutter_width=&#8220;1&#8243; make_equal=&#8220;on&#8220; custom_padding_last_edited=&#8220;on|desktop&#8220; _builder_version=&#8220;4.21.0&#8243; _module_preset=&#8220;default&#8220; custom_margin=&#8220;||||false|false&#8220; custom_padding_tablet=&#8220;&#8220; custom_padding_phone=&#8220;&#8220; animation_style=&#8220;slide&#8220; animation_direction=&#8220;top&#8220; animation_duration=&#8220;1500ms&#8220; animation_speed_curve=&#8220;ease&#8220; global_colors_info=&#8220;{}&#8220;][et_pb_column type=&#8220;1_2&#8243; _builder_version=&#8220;4.16&#8243; _module_preset=&#8220;default&#8220; global_colors_info=&#8220;{}&#8220;][et_pb_text _builder_version=&#8220;4.27.4&#8243; _module_preset=&#8220;default&#8220; text_text_color=&#8220;gcid-5a8ca635-19ab-4706-8115-fbea5c5dd863&#8243; header_font=&#8220;||||||||&#8220; header_text_align=&#8220;left&#8220; header_text_color=&#8220;gcid-5a8ca635-19ab-4706-8115-fbea5c5dd863&#8243; header_line_height=&#8220;1.2em&#8220; width_tablet=&#8220;&#8220; width_phone=&#8220;70%&#8220; width_last_edited=&#8220;on|phone&#8220; custom_margin_tablet=&#8220;&#8220; custom_margin_phone=&#8220;&#8220; custom_margin_last_edited=&#8220;on|phone&#8220; custom_padding_tablet=&#8220;&#8220; custom_padding_phone=&#8220;&#8220; custom_padding_last_edited=&#8220;on|phone&#8220; global_colors_info=&#8220;{%22gcid-5a8ca635-19ab-4706-8115-fbea5c5dd863%22:%91%22text_text_color%22,%22header_text_color%22%93}&#8220;]<\/p>\n<h1>Ich bin kein <strong>Coach<\/strong>.<\/h1>\n<p data-start=\"152\" data-end=\"241\">Ich bin Unternehmer \u2013 und wei\u00df, was F\u00fchrung wirklich tr\u00e4gt.<\/p>\n<p data-start=\"243\" data-end=\"297\">\n<p>[\/et_pb_text][\/et_pb_column][et_pb_column type=&#8220;1_2&#8243; _builder_version=&#8220;4.16&#8243; _module_preset=&#8220;default&#8220; global_colors_info=&#8220;{}&#8220;][\/et_pb_column][\/et_pb_row][\/et_pb_section][et_pb_section fb_built=&#8220;1&#8243; custom_padding_last_edited=&#8220;on|phone&#8220; _builder_version=&#8220;4.21.0&#8243; _module_preset=&#8220;default&#8220; custom_padding=&#8220;100px||100px||true|false&#8220; custom_padding_tablet=&#8220;100px||100px||true|false&#8220; custom_padding_phone=&#8220;20px||20px||true|false&#8220; global_colors_info=&#8220;{}&#8220;][et_pb_row _builder_version=&#8220;4.21.0&#8243; _module_preset=&#8220;default&#8220; global_colors_info=&#8220;{}&#8220;][et_pb_column type=&#8220;4_4&#8243; _builder_version=&#8220;4.21.0&#8243; _module_preset=&#8220;default&#8220; global_colors_info=&#8220;{}&#8220;][et_pb_text _builder_version=&#8220;4.27.4&#8243; _module_preset=&#8220;default&#8220; hover_enabled=&#8220;0&#8243; global_colors_info=&#8220;{}&#8220; sticky_enabled=&#8220;0&#8243; custom_padding=&#8220;||0px|||&#8220;]<\/p>\n<p data-start=\"599\" data-end=\"663\">Ich arbeite dort, wo Druck real ist und Versagen Konsequenzen hat.<\/p>\n<p data-start=\"665\" data-end=\"892\">Als CEO und Inhaber von Foro Consulting, Teil eines internationalen Joint Ventures f\u00fcr nachhaltige Edelmetallr\u00fcckgewinnung, baue ich Performance in Umfeldern auf, in denen Klarheit, Disziplin und Umsetzung \u00fcber Ergebnisse entscheiden \u2013 nicht Motivation.<\/p>\n<p data-start=\"894\" data-end=\"1031\">Von der ethischen Goldraffination bis zur Fertigung von Luxusuhren ging es in meiner Arbeit immer um eines:<br data-start=\"991\" data-end=\"994\">Ergebnisse, <strong data-start=\"994\" data-end=\"1031\">die unter Druck Bestand haben<\/strong>.<\/p>\n<p data-start=\"1033\" data-end=\"1095\">Ausgebildeter Jurist.<br data-start=\"1052\" data-end=\"1055\">Ehemaliger Banker.<br data-start=\"1069\" data-end=\"1072\">Praktizierender Stratege.<\/p>\n<p data-start=\"1097\" data-end=\"1135\">Jahrelang glaubte ich, das sei genug.<\/p>\n<p data-start=\"1137\" data-end=\"1147\">Das war es nicht.<\/p>\n<p data-start=\"1149\" data-end=\"1241\">Denn wenn der Druck nicht nachl\u00e4sst,<br data-start=\"1184\" data-end=\"1187\">entscheiden Intelligenz, Erfahrung und Disziplin nicht mehr.<\/p>\n<p data-start=\"1243\" data-end=\"1258\"><strong data-start=\"1243\" data-end=\"1258\">Entscheidend ist der Zustand.<\/strong><\/p>\n<p data-start=\"1260\" data-end=\"1426\">Diese Erkenntnis kam nicht aus der Theorie. Sie kam aus Zusammenbr\u00fcchen \u2013 meinen eigenen und denen anderer. <br data-start=\"1347\" data-end=\"1350\">Aus der Beobachtung von High Performern, die nach au\u00dfen erfolgreich waren und innerlich kollabierten.<\/p>\n<p data-start=\"1428\" data-end=\"1462\">Dort beginnt mein Film.<\/p>\n<p data-start=\"1464\" data-end=\"1502\">Und dort beginnt diese Arbeit.<\/p>\n<p data-start=\"1504\" data-end=\"1625\">Heute arbeite ich an der Schnittstelle von Performance und Regulation \u2013<br data-start=\"1569\" data-end=\"1572\">dort, wo das Nervensystem zum entscheidenden Faktor wird.<\/p>\n<p data-start=\"1627\" data-end=\"1677\">Ich coache nicht.<br data-start=\"1641\" data-end=\"1644\">Ich trainiere Stabilit\u00e4t unter Druck.<\/p>\n<p data-start=\"1679\" data-end=\"1810\">F\u00fcr F\u00fchrungskr\u00e4fte, Entscheidungstr\u00e4ger und Performer,<br data-start=\"1723\" data-end=\"1726\">die bereits liefern \u2013<br data-start=\"1747\" data-end=\"1750\">aber eine Performance wollen, auf die sie sich verlassen k\u00f6nnen,<br data-start=\"1787\" data-end=\"1790\">wenn der Druck bleibt.<\/p>\n<p data-start=\"1812\" data-end=\"1876\">Das ist keine Pers\u00f6nlichkeitsentwicklung.<br data-start=\"1845\" data-end=\"1848\">Das ist Performance-Realit\u00e4t.<\/p>\n<p>[\/et_pb_text][\/et_pb_column][\/et_pb_row][\/et_pb_section][et_pb_section fb_built=&#8220;1&#8243; _builder_version=&#8220;4.21.0&#8243; _module_preset=&#8220;default&#8220; background_color=&#8220;RGBA(255,255,255,0)&#8220; use_background_color_gradient=&#8220;on&#8220; background_color_gradient_direction=&#8220;317deg&#8220; background_color_gradient_stops=&#8220;#d6d6d6 42%|#b3b3b3 85%&#8220; global_colors_info=&#8220;{}&#8220;][et_pb_row _builder_version=&#8220;4.21.0&#8243; _module_preset=&#8220;default&#8220; custom_padding=&#8220;||0px|||&#8220; global_colors_info=&#8220;{}&#8220;][et_pb_column type=&#8220;4_4&#8243; _builder_version=&#8220;4.21.0&#8243; _module_preset=&#8220;default&#8220; global_colors_info=&#8220;{}&#8220;][dsm_text_notation before_text=&#8220;\u201eIch lebe Transformation authentisch vor \u2013&#8220; notation_text=&#8220;und erschaffe High Performer sowie Unternehmen, die die Zukunft gestalten.\u201c&#8220; after_text=&#8220;Christophe Foro&#8220; notation_type=&#8220;box&#8220; notation_color=&#8220;gcid-5a8ca635-19ab-4706-8115-fbea5c5dd863&#8243; notation_iterations=&#8220;4&#8243; notation_viewport=&#8220;23%&#8220; notation_delay=&#8220;950ms&#8220; heading_html_tag=&#8220;h3&#8243; before_background_color=&#8220;RGBA(255,255,255,0)&#8220; notation_margin=&#8220;20px||20px||true|false&#8220; _builder_version=&#8220;4.27.4&#8243; _module_preset=&#8220;default&#8220; header_font=&#8220;||||||||&#8220; header_text_color=&#8220;gcid-5a8ca635-19ab-4706-8115-fbea5c5dd863&#8243; header_line_height=&#8220;1.1em&#8220; before_font_size=&#8220;18px&#8220; after_font_size=&#8220;18px&#8220; after_line_height=&#8220;5em&#8220; header_font_size_tablet=&#8220;43px&#8220; global_colors_info=&#8220;{%22gcid-5a8ca635-19ab-4706-8115-fbea5c5dd863%22:%91%22header_text_color%22,%22notation_color%22%93}&#8220;][\/dsm_text_notation][\/et_pb_column][\/et_pb_row][\/et_pb_section][et_pb_section fb_built=&#8220;1&#8243; _builder_version=&#8220;4.21.0&#8243; _module_preset=&#8220;default&#8220; background_color=&#8220;#f7f7f7&#8243; custom_padding=&#8220;20px||20px||true|false&#8220; global_colors_info=&#8220;{}&#8220;][et_pb_row _builder_version=&#8220;4.21.0&#8243; _module_preset=&#8220;default&#8220; global_colors_info=&#8220;{}&#8220;][et_pb_column type=&#8220;4_4&#8243; _builder_version=&#8220;4.21.0&#8243; _module_preset=&#8220;default&#8220; global_colors_info=&#8220;{}&#8220;][et_pb_text _builder_version=&#8220;4.21.0&#8243; _module_preset=&#8220;default&#8220; global_colors_info=&#8220;{}&#8220;]<\/p>\n<h3>Mein Hintergrund ist vielf\u00e4ltig<\/h3>\n<p>[\/et_pb_text][\/et_pb_column][\/et_pb_row][et_pb_row column_structure=&#8220;1_2,1_2&#8243; _builder_version=&#8220;4.21.0&#8243; _module_preset=&#8220;default&#8220; global_colors_info=&#8220;{}&#8220;][et_pb_column type=&#8220;1_2&#8243; _builder_version=&#8220;4.21.0&#8243; _module_preset=&#8220;default&#8220; global_colors_info=&#8220;{}&#8220;][et_pb_text _builder_version=&#8220;4.21.0&#8243; _module_preset=&#8220;default&#8220; global_colors_info=&#8220;{}&#8220;]<\/p>\n<ul>\n<li>Master of Law, Schweiz<\/li>\n<li>Master of Business Administration, Schweiz<\/li>\n<li>Diplom Trust Management, England<\/li>\n<li>Zertifizierter holistischer Mentor, Niederlande<\/li>\n<li>Zertifizierter Transpersonaler Coach, Deutschland<\/li>\n<li>Zertifizierter Meditationslehrer, Indien<\/li>\n<\/ul>\n<p>[\/et_pb_text][\/et_pb_column][et_pb_column type=&#8220;1_2&#8243; _builder_version=&#8220;4.21.0&#8243; _module_preset=&#8220;default&#8220; global_colors_info=&#8220;{}&#8220;][et_pb_text _builder_version=&#8220;4.21.0&#8243; _module_preset=&#8220;default&#8220; global_colors_info=&#8220;{}&#8220;]<\/p>\n<ul>\n<li>Vater und Lebenspartner im Privatleben<\/li>\n<li>Gesch\u00e4ftsinhaber, Jurist und Unternehmer<\/li>\n<li>Weltreisender in beiden Welten<\/li>\n<li>Zweisprachig: Deutsch, Englisch<\/li>\n<\/ul>\n<p>[\/et_pb_text][\/et_pb_column][\/et_pb_row][\/et_pb_section]<\/p>\n","protected":false},"excerpt":{"rendered":"<p>Ich bin kein Coach. Ich bin Unternehmer \u2013 und wei\u00df, was F\u00fchrung wirklich tr\u00e4gt. Ich arbeite dort, wo Druck real ist und Versagen Konsequenzen hat. Als CEO und Inhaber von Foro Consulting, Teil eines internationalen Joint Ventures f\u00fcr nachhaltige Edelmetallr\u00fcckgewinnung, baue ich Performance in Umfeldern auf, in denen Klarheit, Disziplin und Umsetzung \u00fcber Ergebnisse entscheiden \u2013 nicht Motivation. Von der ethischen Goldraffination bis zur Fertigung von Luxusuhren ging es in meiner Arbeit immer um eines:Ergebnisse, die unter Druck Bestand haben. Ausgebildeter Jurist.Ehemaliger Banker.Praktizierender Stratege. Jahrelang glaubte ich, das sei genug. Das war es nicht. Denn wenn der Druck nicht nachl\u00e4sst,entscheiden Intelligenz, Erfahrung und Disziplin nicht mehr. Entscheidend ist der Zustand. Diese Erkenntnis kam nicht aus der Theorie. Sie kam aus Zusammenbr\u00fcchen \u2013 meinen eigenen und denen anderer. Aus der Beobachtung von High Performern, die nach au\u00dfen erfolgreich waren und innerlich kollabierten. Dort beginnt mein Film. Und dort beginnt diese Arbeit. Heute arbeite ich an der Schnittstelle von Performance und Regulation \u2013dort, wo das Nervensystem zum entscheidenden Faktor wird. Ich coache nicht.Ich trainiere Stabilit\u00e4t unter Druck. F\u00fcr F\u00fchrungskr\u00e4fte, Entscheidungstr\u00e4ger und Performer,die bereits liefern \u2013aber eine Performance wollen, auf die sie sich verlassen k\u00f6nnen,wenn der Druck bleibt. Das ist keine Pers\u00f6nlichkeitsentwicklung.Das ist [&hellip;]<\/p>\n","protected":false},"author":1,"featured_media":71789,"parent":0,"menu_order":0,"comment_status":"closed","ping_status":"closed","template":"","meta":{"_et_pb_use_builder":"on","_et_pb_old_content":"","_et_gb_content_width":"","footnotes":""},"class_list":["post-71393","page","type-page","status-publish","has-post-thumbnail","hentry"],"_links":{"self":[{"href":"https:\/\/foro.consulting\/de\/wp-json\/wp\/v2\/pages\/71393","targetHints":{"allow":["GET"]}}],"collection":[{"href":"https:\/\/foro.consulting\/de\/wp-json\/wp\/v2\/pages"}],"about":[{"href":"https:\/\/foro.consulting\/de\/wp-json\/wp\/v2\/types\/page"}],"author":[{"embeddable":true,"href":"https:\/\/foro.consulting\/de\/wp-json\/wp\/v2\/users\/1"}],"replies":[{"embeddable":true,"href":"https:\/\/foro.consulting\/de\/wp-json\/wp\/v2\/comments?post=71393"}],"version-history":[{"count":104,"href":"https:\/\/foro.consulting\/de\/wp-json\/wp\/v2\/pages\/71393\/revisions"}],"predecessor-version":[{"id":72356,"href":"https:\/\/foro.consulting\/de\/wp-json\/wp\/v2\/pages\/71393\/revisions\/72356"}],"wp:featuredmedia":[{"embeddable":true,"href":"https:\/\/foro.consulting\/de\/wp-json\/wp\/v2\/media\/71789"}],"wp:attachment":[{"href":"https:\/\/foro.consulting\/de\/wp-json\/wp\/v2\/media?parent=71393"}],"curies":[{"name":"wp","href":"https:\/\/api.w.org\/{rel}","templated":true}]}}